{"id":389,"date":"2016-03-31T12:23:27","date_gmt":"2016-03-31T10:23:27","guid":{"rendered":"http:\/\/www.daralhikma.it\/hammam\/?page_id=389"},"modified":"2024-10-23T16:31:58","modified_gmt":"2024-10-23T14:31:58","slug":"home","status":"publish","type":"page","link":"https:\/\/www.daralhikma.it\/hammam\/","title":{"rendered":"Home"},"content":{"rendered":"<p>[vc_row][vc_column][vc_empty_space height=&#8221;8.46em&#8221;]<div class=\"columns_wrap sc_columns columns_nofluid no_margins sc_columns_count_3 equal_height\"><div class=\"column-1_3 sc_column_item sc_column_item_1 odd first\"><div class=\"sc_column_item_inner\" style=\"background-image:url(https:\/\/www.daralhikma.it\/hammam\/wp-content\/uploads\/2018\/04\/vb.png);background-repeat:no-repeat;background-size:cover;\"><\/div><\/div><div class=\"column-1_3 sc_column_item sc_column_item_2 even\"><div class=\"sc_column_item_inner\" style=\"background-color:#f8f8f8;\"><h2 class=\"sc_title sc_title_regular sc_align_center\" style=\"margin-top:2.45em;text-align:center;\">I Nostri Trattamenti<\/h2><div class=\"sc_line sc_line_position_center_center sc_line_style_solid\" style=\"margin-top:1.1em;margin-right:auto;margin-bottom:1.2em;margin-left:auto;width:70px;border-top-style:solid;border-top-color:#e8e8e8;\"><\/div>[vc_column_text]Scopri i nostri trattamenti e listini prezzi.[\/vc_column_text]<a href=\"https:\/\/www.daralhikma.it\/hammam\/?page_id=622\" class=\"sc_button sc_button_square sc_button_style_filled sc_button_size_base aligncenter\" style=\"margin-top:2em;margin-bottom:7em;background-color:#8ed4cc; border-color:#8ed4cc;\"><div><span class=\"first\">Visualizza<\/span><span class=\"second\">Visualizza<\/span><\/div><\/a><\/div><\/div><div class=\"column-1_3 sc_column_item sc_column_item_3 odd\"><div class=\"sc_column_item_inner\" style=\"background-image:url(https:\/\/www.daralhikma.it\/hammam\/wp-content\/uploads\/2018\/04\/relax2.jpg);background-repeat:no-repeat;background-size:cover;\"><\/div><\/div><div class=\"column-1_3 sc_column_item sc_column_item_4 even\"><div class=\"sc_column_item_inner\" style=\"background-color:#f8f8f8;\"><h2 class=\"sc_title sc_title_regular sc_align_center\" style=\"margin-top:2.45em;text-align:center;\">Contact Us<\/h2><div class=\"sc_line sc_line_position_center_center sc_line_style_solid\" style=\"margin-top:1.1em;margin-right:auto;margin-bottom:1.2em;margin-left:auto;width:70px;border-top-style:solid;border-top-color:#e8e8e8;\"><\/div>[vc_column_text]<\/p>\n<p style=\"text-align: center;\"><em>Per qualsiasi informazione non esitate<\/em>\u00a0a\u00a0<em>contattarci<\/em>. Il nostro personale sar\u00e0 a disposizione\u00a0<em>per qualsiasi<\/em>\u00a0tipo di chiarimento\u00a0<em>e per<\/em>\u00a0valutare con voi la soluzione giusta\u00a0<em>per<\/em>\u00a0le vostre esigenze.<\/p>\n<p>[\/vc_column_text]<a href=\"https:\/\/www.daralhikma.it\/hammam\/?page_id=714\" class=\"sc_button sc_button_square sc_button_style_filled sc_button_size_base aligncenter\" style=\"margin-top:2em;margin-bottom:7em;background-color:#8ed4cc; border-color:#8ed4cc;\"><div><span class=\"first\">Visualizza<\/span><span class=\"second\">Visualizza<\/span><\/div><\/a><\/div><\/div><div class=\"column-1_3 sc_column_item sc_column_item_5 odd\"><div class=\"sc_column_item_inner\" style=\"background-image:url(https:\/\/www.daralhikma.it\/hammam\/wp-content\/uploads\/2018\/04\/rttrt.jpg);background-repeat:no-repeat;background-size:cover;\"><\/div><\/div><div class=\"column-1_3 sc_column_item sc_column_item_6 even\"><div class=\"sc_column_item_inner\" style=\"background-color:#f8f8f8;\"><h2 class=\"sc_title sc_title_regular sc_align_center\" style=\"margin-top:2.45em;text-align:center;\">GIFT CARD<\/h2><div class=\"sc_line sc_line_position_center_center sc_line_style_solid\" style=\"margin-top:1.1em;margin-right:auto;margin-bottom:1.2em;margin-left:auto;width:70px;border-top-style:solid;border-top-color:#e8e8e8;\"><\/div>[vc_column_text]<\/p>\n<p style=\"text-align: center;\">Se vuoi fare un regalo originale e soprattutto utile e piacevole\u00a0 acquista un buono regalo per uno dei massaggi offerti nel nostro Hammam.<\/p>\n<p>[\/vc_column_text]<a href=\"https:\/\/www.daralhikma.it\/hammam\/?page_id=610\" class=\"sc_button sc_button_square sc_button_style_filled sc_button_size_base aligncenter\" style=\"margin-top:2em;margin-bottom:7em;background-color:#8ed4cc; border-color:#8ed4cc;\"><div><span class=\"first\">Visualizza<\/span><span class=\"second\">Visualizza<\/span><\/div><\/a><\/div><\/div><\/div>[vc_empty_space height=&#8221;8.46em&#8221;][\/vc_column][\/vc_row][vc_row full_width=&#8221;stretch_row_content&#8221; inverse=&#8221;&#8221;][vc_column][vc_row_inner][vc_column_inner width=&#8221;1\/3&#8243;]<figure class=\"sc_image  sc_image_shape_square\"><a href=\"https:\/\/www.daralhikma.it\/hammam\/?page_id=1969\"><img decoding=\"async\" src=\"https:\/\/www.daralhikma.it\/hammam\/wp-content\/uploads\/2016\/03\/asasas.jpg\" alt=\"\" \/><\/a><figcaption><span><\/span> BENESSERE HAMMAM<\/p>\n<div>Appena attraversata la prima porta del Hammam Al Bab si ha l\u2019impressione che il tempo si fosse fermato, rallentato sotto le cupole color giallo...<\/div>\n<p><\/figcaption><\/figure>[\/vc_column_inner][vc_column_inner width=&#8221;1\/3&#8243;]<figure class=\"sc_image  sc_image_shape_square\"><a href=\"https:\/\/www.daralhikma.it\/hammam\/?page_id=705\"><img decoding=\"async\" src=\"https:\/\/www.daralhikma.it\/hammam\/wp-content\/uploads\/2016\/03\/trttrtr222222222.jpg\" alt=\"\" \/><\/a><figcaption><span><\/span> HAMMAM E PRODOTTI<\/p>\n<div>Come afferma Sherazade nelle Mille e una notte, una citt\u00e0, per essere una vera citt\u00e0, deve avere un grande Hammam, cio\u00e8 un grande Bagno pubblico...<\/div>\n<p><\/figcaption><\/figure>[\/vc_column_inner][vc_column_inner width=&#8221;1\/3&#8243;]<figure class=\"sc_image  sc_image_shape_square ``post_readmore\"><a href=\"https:\/\/www.daralhikma.it\/hammam\/?page_id=610\"><img decoding=\"async\" src=\"https:\/\/www.daralhikma.it\/hammam\/wp-content\/uploads\/2016\/03\/giftcard2.jpg\" alt=\"\" \/><\/a><figcaption><span><\/span> SPECIAL GIFTS<\/p>\n<div>Se vuoi fare un regalo originale e soprattutto utile e piacevole \u2013 acquistare un buono regalo per uno dei massaggi offerti nel nostro Hammam.<\/div>\n<p><\/figcaption><\/figure>[\/vc_column_inner][\/vc_row_inner][\/vc_column][\/vc_row][vc_row][vc_column][vc_row_inner][vc_column_inner][vc_separator][\/vc_column_inner][\/vc_row_inner][vc_empty_space height=&#8221;5em&#8221;][\/vc_column][\/vc_row][vc_row full_width=&#8221;stretch_row&#8221; inverse=&#8221;yes&#8221; css=&#8221;.vc_custom_1523650155748{background-image: url(http:\/\/www.daralhikma.it\/hammam\/wp-content\/uploads\/2018\/04\/banner2.jpg?id=1915) !important;}&#8221;][vc_column][vc_empty_space height=&#8221;6em&#8221;]<div id=\"sc_testimonials_9190127\" class=\"sc_testimonials sc_testimonials_style_testimonials-1 \" style=\"width:100%;\"><h6 class=\"sc_testimonials_subtitle sc_item_subtitle\">Testimonials<\/h6><h2 class=\"sc_testimonials_title sc_item_title\">Che cosa dicono di noi<\/h2><div class=\"sc_slider_swiper swiper-slider-container sc_slider_nopagination sc_slider_controls sc_slider_controls_side\" data-interval=\"6344\" data-slides-min-width=\"250\"><div class=\"slides swiper-wrapper\"><div class=\"swiper-slide\" data-style=\"width:100%;\" style=\"width:100%;\">\t\t\t<div id=\"sc_testimonials_9190127_1\" class=\"sc_testimonial_item\">\n\t\t\t\t<div class=\"sc_testimonial_content\"><p>Tipico gamman arabo. Molto pulito.bellissimavesperienza e personale Molto gentile. Torner\u00f2 sicuramente. Consigliatissimo<\/p><\/div>\n\t\t\t\t\t\t\t\t\t\t\t\t<div class=\"sc_testimonial_author\"><span class=\"sc_testimonial_author_name\">Monica C.<\/span><\/div>\n\t\t\t\t\t\t\t<\/div>\n\t\t<\/div><div class=\"swiper-slide\" data-style=\"width:100%;\" style=\"width:100%;\">\t\t\t<div id=\"sc_testimonials_9190127_2\" class=\"sc_testimonial_item\">\n\t\t\t\t<div class=\"sc_testimonial_content\"><p>Ambiente pulito e confortevole.<\/p><\/div>\n\t\t\t\t\t\t\t\t\t\t\t\t<div class=\"sc_testimonial_author\"><span class=\"sc_testimonial_author_name\">Maria L.<\/span><\/div>\n\t\t\t\t\t\t\t<\/div>\n\t\t<\/div><div class=\"swiper-slide\" data-style=\"width:100%;\" style=\"width:100%;\">\t\t\t<div id=\"sc_testimonials_9190127_3\" class=\"sc_testimonial_item\">\n\t\t\t\t<div class=\"sc_testimonial_content\"><p>Una bella hammam, ottimo lo scrab e il massaggio. Consiglio.<\/p><\/div>\n\t\t\t\t\t\t\t\t\t\t\t\t<div class=\"sc_testimonial_author\"><span class=\"sc_testimonial_author_name\">Anna F.<\/span><\/div>\n\t\t\t\t\t\t\t<\/div>\n\t\t<\/div><\/div><div class=\"sc_slider_controls_wrap\"><a class=\"sc_slider_prev\" href=\"#\"><\/a><a class=\"sc_slider_next\" href=\"#\"><\/a><\/div><div class=\"sc_slider_pagination_wrap\"><\/div><\/div><\/div>[vc_empty_space height=&#8221;8em&#8221;][\/vc_column][\/vc_row][vc_row full_width=&#8221;stretch_row&#8221; inverse=&#8221;yes&#8221; css=&#8221;.vc_custom_1459502371704{background-color: #8ed4cc !important;}&#8221;][vc_column][vc_empty_space height=&#8221;5.5em&#8221;]<div class=\"columns_wrap sc_columns columns_nofluid sc_columns_count_4\"><div class=\"column-1_4 sc_column_item sc_column_item_1 odd first\"><div id=\"sc_skills_diagram_1670981154\" class=\"sc_skills sc_skills_counter\" style=\"margin-bottom:3em;\" data-type=\"counter\" data-caption=\"Skills\"><div class=\"sc_skills_item sc_skills_style_2 odd first\"><div class=\"sc_skills_icon icon-excercise14\"><\/div><div class=\"sc_skills_count\"><div class=\"sc_skills_total\" data-start=\"0\" data-stop=\"2348\" data-step=\"23\" data-max=\"2348\" data-speed=\"25\" data-duration=\"2552\" data-ed=\"\">0<\/div><\/div><div class=\"sc_skills_info\"><div class=\"sc_skills_label\">CLIENTI FELICI<\/div><\/div><\/div><\/div><\/div><div class=\"column-1_4 sc_column_item sc_column_item_2 even\"><div id=\"sc_skills_diagram_1030879462\" class=\"sc_skills sc_skills_counter\" style=\"margin-bottom:3em;\" data-type=\"counter\" data-caption=\"Skills\"><div class=\"sc_skills_item sc_skills_style_2 odd first\"><div class=\"sc_skills_icon icon-oriental10\"><\/div><div class=\"sc_skills_count\"><div class=\"sc_skills_total\" data-start=\"0\" data-stop=\"35\" data-step=\"23\" data-max=\"2348\" data-speed=\"20\" data-duration=\"30\" data-ed=\"\">0<\/div><\/div><div class=\"sc_skills_info\"><div class=\"sc_skills_label\">PROGRAMMI<\/div><\/div><\/div><\/div><\/div><div class=\"column-1_4 sc_column_item sc_column_item_3 odd\"><div id=\"sc_skills_diagram_907288617\" class=\"sc_skills sc_skills_counter\" style=\"margin-bottom:3em;\" data-type=\"counter\" data-caption=\"Skills\"><div class=\"sc_skills_item sc_skills_style_2 odd first\"><div class=\"sc_skills_icon icon-relaxing16\"><\/div><div class=\"sc_skills_count\"><div class=\"sc_skills_total\" data-start=\"0\" data-stop=\"429\" data-step=\"23\" data-max=\"2348\" data-speed=\"10\" data-duration=\"187\" data-ed=\"\">0<\/div><\/div><div class=\"sc_skills_info\"><div class=\"sc_skills_label\">TRATTAMENTI<\/div><\/div><\/div><\/div><\/div><div class=\"column-1_4 sc_column_item sc_column_item_4 even\"><div id=\"sc_skills_diagram_335661422\" class=\"sc_skills sc_skills_counter\" style=\"margin-bottom:3em;\" data-type=\"counter\" data-caption=\"Skills\"><div class=\"sc_skills_item sc_skills_style_2 odd first\"><div class=\"sc_skills_icon icon-gesture3\"><\/div><div class=\"sc_skills_count\"><div class=\"sc_skills_total\" data-start=\"0\" data-stop=\"16\" data-step=\"23\" data-max=\"2348\" data-speed=\"25\" data-duration=\"17\" data-ed=\"\">0<\/div><\/div><div class=\"sc_skills_info\"><div class=\"sc_skills_label\">MASSAGGI<\/div><\/div><\/div><\/div><\/div><\/div>[vc_empty_space height=&#8221;2.5em&#8221;][\/vc_column][\/vc_row][vc_row full_width=&#8221;stretch_row&#8221; css=&#8221;.vc_custom_1459503174388{background-color: #f8f8f8 !important;}&#8221;][vc_column][vc_empty_space height=&#8221;8.3em&#8221;]<div id=\"sc_menuitems_726507682_wrap\" class=\"sc_menuitems_wrap\"><div id=\"sc_menuitems_726507682\" class=\"sc_menuitems sc_menuitems_style_menuitems-1 \" style=\"width:100%;\"><h6 class=\"sc_menuitems_subtitle sc_item_subtitle\">Le nostre offerte<\/h6><h2 class=\"sc_menuitems_title sc_item_title\">Listino Prezzi<\/h2><div class=\"sc_columns columns_wrap\"><div class=\"column-1_2 column_padding_bottom\">\t\t\t<div id=\"sc_menuitems_726507682_1\" \n\t\t\t\tclass=\"sc_menuitems_item sc_menuitems_item_1 odd first\"\n\t\t\t\t>\n\t\t\t\t<div class=\"sc_menuitem_price\">\u20ac 50,00<\/div><h5 class=\"sc_menuitem_title\"><a class=\"show_popup_menuitem\" href=\"#\">Ceretta Completa Tradizionale<\/a><\/h5>\t\t\t\t\n\t\t\t\t<div class=\"sc_menuitem_description\"><p>TRADIZIONALE SU PRENOTAZIONE<\/p><\/div>\n\t\t\t\t\n\t\t\t<\/div>\n\t\t<\/div><div class=\"column-1_2 column_padding_bottom\">\t\t\t<div id=\"sc_menuitems_726507682_2\" \n\t\t\t\tclass=\"sc_menuitems_item sc_menuitems_item_2 even\"\n\t\t\t\t>\n\t\t\t\t<div class=\"sc_menuitem_price\">\u20ac 50,00<\/div><h5 class=\"sc_menuitem_title\"><a class=\"show_popup_menuitem\" href=\"#\">Ceretta Completa Araba<\/a><\/h5>\t\t\t\t\n\t\t\t\t<div class=\"sc_menuitem_description\"><p>ORIENTALE SU PRENOTAZIONE<\/p><\/div>\n\t\t\t\t\n\t\t\t<\/div>\n\t\t<\/div><div class=\"column-1_2 column_padding_bottom\">\t\t\t<div id=\"sc_menuitems_726507682_3\" \n\t\t\t\tclass=\"sc_menuitems_item sc_menuitems_item_3 odd\"\n\t\t\t\t>\n\t\t\t\t<div class=\"sc_menuitem_price\">\u20ac 25,00<\/div><h5 class=\"sc_menuitem_title\"><a class=\"show_popup_menuitem\" href=\"#\">Gamba Intera e Inguine Tradizionale<\/a><\/h5>\t\t\t\t\n\t\t\t\t<div class=\"sc_menuitem_description\"><p>TRADIZIONALE SU PRENOTAZIONE<\/p><\/div>\n\t\t\t\t\n\t\t\t<\/div>\n\t\t<\/div><div class=\"column-1_2 column_padding_bottom\">\t\t\t<div id=\"sc_menuitems_726507682_4\" \n\t\t\t\tclass=\"sc_menuitems_item sc_menuitems_item_4 even\"\n\t\t\t\t>\n\t\t\t\t<div class=\"sc_menuitem_price\">\u20ac 25,00<\/div><h5 class=\"sc_menuitem_title\"><a class=\"show_popup_menuitem\" href=\"#\">Gamba Intera e Inguine Araba<\/a><\/h5>\t\t\t\t\n\t\t\t\t<div class=\"sc_menuitem_description\"><p>ORIENTALE SU PRENOTAZIONE<\/p><\/div>\n\t\t\t\t\n\t\t\t<\/div>\n\t\t<\/div><div class=\"column-1_2 column_padding_bottom\">\t\t\t<div id=\"sc_menuitems_726507682_5\" \n\t\t\t\tclass=\"sc_menuitems_item sc_menuitems_item_5 odd\"\n\t\t\t\t>\n\t\t\t\t<div class=\"sc_menuitem_price\">\u20ac 20,00<\/div><h5 class=\"sc_menuitem_title\"><a class=\"show_popup_menuitem\" href=\"#\">Gamba Intera Tradizionale<\/a><\/h5>\t\t\t\t\n\t\t\t\t<div class=\"sc_menuitem_description\"><p>TRADIZIONALE SU PRENOTAZIONE<\/p><\/div>\n\t\t\t\t\n\t\t\t<\/div>\n\t\t<\/div><div class=\"column-1_2 column_padding_bottom\">\t\t\t<div id=\"sc_menuitems_726507682_6\" \n\t\t\t\tclass=\"sc_menuitems_item sc_menuitems_item_6 even\"\n\t\t\t\t>\n\t\t\t\t<div class=\"sc_menuitem_price\">\u20ac 20,00<\/div><h5 class=\"sc_menuitem_title\"><a class=\"show_popup_menuitem\" href=\"#\">Gamba Intera Araba<\/a><\/h5>\t\t\t\t\n\t\t\t\t<div class=\"sc_menuitem_description\"><p>ORIENTALE SU PRENOTAZIONE<\/p><\/div>\n\t\t\t\t\n\t\t\t<\/div>\n\t\t<\/div><div class=\"column-1_2 column_padding_bottom\">\t\t\t<div id=\"sc_menuitems_726507682_7\" \n\t\t\t\tclass=\"sc_menuitems_item sc_menuitems_item_7 odd\"\n\t\t\t\t>\n\t\t\t\t<div class=\"sc_menuitem_price\">\u20ac 18,00<\/div><h5 class=\"sc_menuitem_title\"><a class=\"show_popup_menuitem\" href=\"#\">\u00bd Gamba+Inguine Tradizionale<\/a><\/h5>\t\t\t\t\n\t\t\t\t<div class=\"sc_menuitem_description\"><p>TRADIZIONALE SU PRENOTAZIONE<\/p><\/div>\n\t\t\t\t\n\t\t\t<\/div>\n\t\t<\/div><div class=\"column-1_2 column_padding_bottom\">\t\t\t<div id=\"sc_menuitems_726507682_8\" \n\t\t\t\tclass=\"sc_menuitems_item sc_menuitems_item_8 even\"\n\t\t\t\t>\n\t\t\t\t<div class=\"sc_menuitem_price\">\u20ac 20,00<\/div><h5 class=\"sc_menuitem_title\"><a class=\"show_popup_menuitem\" href=\"#\">\u00bd Gamba + Inguine Araba<\/a><\/h5>\t\t\t\t\n\t\t\t\t<div class=\"sc_menuitem_description\"><p>ORIENTALE SU PRENOTAZIONE<\/p><\/div>\n\t\t\t\t\n\t\t\t<\/div>\n\t\t<\/div><script>\n\t\t\tjQuery(document).ready(function(){\n\t\t\t\tif (JACQUELINE_STORAGE['menuitems']===undefined) JACQUELINE_STORAGE['menuitems'] = [];\n\t\t\t\tJACQUELINE_STORAGE['menuitems']['sc_menuitems_726507682'] = '3357,3356,3355,3354,3353,3352,3351,3350';\n\t\t\t});\n\t\t<\/script>\n\t\t<\/div><div class=\"sc_menuitems_button sc_item_button\"><a href=\"https:\/\/www.daralhikma.it\/hammam\/?page_id=705\" class=\"sc_button sc_button_square sc_button_style_filled sc_button_size_base\"><div><span class=\"first\">Visualizza<\/span><span class=\"second\">Visualizza<\/span><\/div><\/a><\/div><\/div><!-- \/.sc_menuitems --><\/div><!-- \/.sc_menuitems_wrap -->[vc_empty_space height=&#8221;7em&#8221;][\/vc_column][\/vc_row][vc_row full_width=&#8221;stretch_row_content_no_spaces&#8221;][vc_column width=&#8221;1\/4&#8243;][vc_single_image image=&#8221;1924&#8243; img_size=&#8221;400&#215;400&#8243; onclick=&#8221;img_link_large&#8221;][\/vc_column][vc_column width=&#8221;1\/4&#8243;][vc_single_image image=&#8221;1930&#8243; img_size=&#8221;400&#215;400&#8243; onclick=&#8221;img_link_large&#8221;][\/vc_column][vc_column width=&#8221;1\/4&#8243;][vc_single_image image=&#8221;1903&#8243; img_size=&#8221;400&#215;400&#8243; onclick=&#8221;img_link_large&#8221;][\/vc_column][vc_column width=&#8221;1\/4&#8243;][vc_single_image image=&#8221;1897&#8243; img_size=&#8221;400&#215;400&#8243; onclick=&#8221;img_link_large&#8221;][\/vc_column][\/vc_row][vc_row][vc_column]<div class=\"columns_wrap sc_columns columns_nofluid no_margins sc_columns_count_2 custom_product_we_use\"><div class=\"column-1_2 sc_column_item sc_column_item_1 odd first\">[vc_empty_space height=&#8221;8.3em&#8221;]<h1 class=\"sc_title sc_title_regular\" style=\"font-family: &#039;Mr De Haviland&#039;, cursive; text-transform: none;; margin-bottom:-0.05em;color:#f9a392;\">I pi\u00f9 usati<\/h1><h1 class=\"sc_title sc_title_regular\" style=\"margin-bottom:0.3em;\">Prodotti che usiamo<\/h1>[vc_column_text css=&#8221;.vc_custom_1640541725765{margin-bottom: 25px !important;}&#8221;]Per i nostri clienti ci impegniamo a riunire prodotti naturali, non tossici, ecologici e terapeutici co-compatibili con i nostri tecnici altamente specializzati e attenti.[\/vc_column_text]<a href=\"https:\/\/www.daralhikma.it\/hammam\/?page_id=1969\" class=\"sc_button sc_button_square sc_button_style_filled sc_button_size_base\" style=\"margin-top:2em;\"><div><span class=\"first\">Visualizza<\/span><span class=\"second\">Visualizza<\/span><\/div><\/a>[vc_empty_space height=&#8221;8.3em&#8221; el_class=&#8221;hide_on_responsive&#8221;]<\/div><div class=\"column-1_2 sc_column_item sc_column_item_2 even\">[vc_empty_space height=&#8221;3em&#8221; el_class=&#8221;hide_on_responsive&#8221;]<\/div><\/div>[\/vc_column][\/vc_row][vc_row full_width=&#8221;stretch_row&#8221; inverse=&#8221;yes&#8221; css=&#8221;.vc_custom_1459609995583{background-image: url(http:\/\/www.daralhikma.it\/hammam\/wp-content\/uploads\/2016\/03\/Layer-25-copy1.png?id=524) !important;}&#8221;][vc_column][vc_empty_space height=&#8221;4.5em&#8221;]<h2 class=\"sc_title sc_title_regular sc_align_center\" style=\"margin-bottom:0.28em;text-align:center;\">Per qualsiasi altra informazione non esiti a contattarci<\/h2><h6 class=\"sc_title sc_title_regular sc_align_center\" style=\"margin-bottom:2em;text-align:center;font-size:1.23em;\"><em>Qui troverai<\/em>\u00a0tutti i\u00a0<em>nostri contatti<\/em>\u00a0per tutte le informazioni<\/h6><div class=\"sc_section sc_section_block aligncenter\"><div class=\"sc_section_inner\"><div class=\"sc_section_content_wrap\"><a href=\"https:\/\/www.daralhikma.it\/hammam\/?page_id=714\" class=\"sc_button sc_button_square sc_button_style_border sc_button_size_base\" style=\"margin-right:10px;margin-left:10px;width:9em;\">Contatti<\/a><a href=\"https:\/\/www.daralhikma.it\/hammam\/?page_id=610\" class=\"sc_button sc_button_square sc_button_style_filled sc_button_size_base\" style=\"margin-right:10px;margin-left:10px;width:9em;color:#f9a392;background-color:#ffffff; border-color:#ffffff;\"><div><span class=\"first\">Altro<\/span><span class=\"second\">Altro<\/span><\/div><\/a><\/div><\/div><\/div>[vc_separator][vc_empty_space height=&#8221;4em&#8221;]<h5 class=\"sc_title sc_title_regular sc_align_center\" style=\"bottom: 0; left: 0; position: relative;; text-align:center;\">Newsletter<\/h5><div class=\"sc_emailer aligncenter sc_emailer_opened\"><form class=\"sc_emailer_form\"><input type=\"text\" class=\"sc_emailer_input\" name=\"email\" value=\"\" placeholder=\"Please, enter you email address.\"><a href=\"#\" class=\"sc_emailer_button sc_button sc_button_style_filled sc_button_size_medium\" title=\"Submit\" data-group=\"newsletter\"><div><span class=\"first\">Subscribe<\/span><span class=\"second\">Subscribe<\/span><\/div><\/a><\/form><\/div><div class=\"sc_socials sc_socials_type_icons sc_socials_shape_square sc_socials_size_small\" style=\"display: block; text-align: center;; margin-top:3.4em;margin-bottom:2.75em;\"><div class=\"sc_socials_item\"><a href=\"#\" target=\"_blank\" class=\"social_icons social_facebook\"><span class=\"icon-facebook\"><\/span><\/a><\/div><div class=\"sc_socials_item\"><a href=\"#\" target=\"_blank\" class=\"social_icons social_twitter\"><span class=\"icon-twitter\"><\/span><\/a><\/div><\/div>[\/vc_column][\/vc_row]<\/p>\n","protected":false},"excerpt":{"rendered":"<p>[vc_row][vc_column][vc_empty_space height=&#8221;8.46em&#8221;][vc_empty_space height=&#8221;8.46em&#8221;][\/vc_column][\/vc_row][vc_row full_width=&#8221;stretch_row_content&#8221; inverse=&#8221;&#8221;][vc_column][vc_row_inner][vc_column_inner width=&#8221;1\/3&#8243;][\/vc_column_inner][vc_column_inner width=&#8221;1\/3&#8243;][\/vc_column_inner][vc_column_inner width=&#8221;1\/3&#8243;][\/vc_column_inner][\/vc_row_inner][\/vc_column][\/vc_row][vc_row][vc_column][vc_row_inner][vc_column_inner][vc_separator][\/vc_column_inner][\/vc_row_inner][vc_empty_space height=&#8221;5em&#8221;][\/vc_column][\/vc_row][vc_row full_width=&#8221;stretch_row&#8221; inverse=&#8221;yes&#8221; css=&#8221;.vc_custom_1523650155748{background-image: url(http:\/\/www.daralhikma.it\/hammam\/wp-content\/uploads\/2018\/04\/banner2.jpg?id=1915) !important;}&#8221;][vc_column][vc_empty_space height=&#8221;6em&#8221;][vc_empty_space height=&#8221;8em&#8221;][\/vc_column][\/vc_row][vc_row full_width=&#8221;stretch_row&#8221; inverse=&#8221;yes&#8221; css=&#8221;.vc_custom_1459502371704{background-color: #8ed4cc !important;}&#8221;][vc_column][vc_empty_space height=&#8221;5.5em&#8221;][vc_empty_space height=&#8221;2.5em&#8221;][\/vc_column][\/vc_row][vc_row full_width=&#8221;stretch_row&#8221; css=&#8221;.vc_custom_1459503174388{background-color: #f8f8f8 !important;}&#8221;][vc_column][vc_empty_space height=&#8221;8.3em&#8221;][vc_empty_space height=&#8221;7em&#8221;][\/vc_column][\/vc_row][vc_row full_width=&#8221;stretch_row_content_no_spaces&#8221;][vc_column width=&#8221;1\/4&#8243;][vc_single_image image=&#8221;1924&#8243; img_size=&#8221;400&#215;400&#8243; onclick=&#8221;img_link_large&#8221;][\/vc_column][vc_column width=&#8221;1\/4&#8243;][vc_single_image image=&#8221;1930&#8243; img_size=&#8221;400&#215;400&#8243; onclick=&#8221;img_link_large&#8221;][\/vc_column][vc_column width=&#8221;1\/4&#8243;][vc_single_image image=&#8221;1903&#8243; img_size=&#8221;400&#215;400&#8243; onclick=&#8221;img_link_large&#8221;][\/vc_column][vc_column width=&#8221;1\/4&#8243;][vc_single_image image=&#8221;1897&#8243; img_size=&#8221;400&#215;400&#8243; onclick=&#8221;img_link_large&#8221;][\/vc_column][\/vc_row][vc_row][vc_column][\/vc_column][\/vc_row][vc_row full_width=&#8221;stretch_row&#8221; inverse=&#8221;yes&#8221; css=&#8221;.vc_custom_1459609995583{background-image: url(http:\/\/www.daralhikma.it\/hammam\/wp-content\/uploads\/2016\/03\/Layer-25-copy1.png?id=524) !important;}&#8221;][vc_column][vc_empty_space height=&#8221;4.5em&#8221;][vc_separator][vc_empty_space height=&#8221;4em&#8221;][\/vc_column][\/vc_row]<\/p>\n","protected":false},"author":1,"featured_media":0,"parent":0,"menu_order":0,"comment_status":"closed","ping_status":"closed","template":"","meta":{"_exactmetrics_skip_tracking":false,"_exactmetrics_sitenote_active":false,"_exactmetrics_sitenote_note":"","_exactmetrics_sitenote_category":0,"_monsterinsights_skip_tracking":false,"_monsterinsights_sitenote_active":false,"_monsterinsights_sitenote_note":"","_monsterinsights_sitenote_category":0,"footnotes":""},"class_list":["post-389","page","type-page","status-publish","hentry"],"_links":{"self":[{"href":"https:\/\/www.daralhikma.it\/hammam\/index.php?rest_route=\/wp\/v2\/pages\/389","targetHints":{"allow":["GET"]}}],"collection":[{"href":"https:\/\/www.daralhikma.it\/hammam\/index.php?rest_route=\/wp\/v2\/pages"}],"about":[{"href":"https:\/\/www.daralhikma.it\/hammam\/index.php?rest_route=\/wp\/v2\/types\/page"}],"author":[{"embeddable":true,"href":"https:\/\/www.daralhikma.it\/hammam\/index.php?rest_route=\/wp\/v2\/users\/1"}],"replies":[{"embeddable":true,"href":"https:\/\/www.daralhikma.it\/hammam\/index.php?rest_route=%2Fwp%2Fv2%2Fcomments&post=389"}],"version-history":[{"count":163,"href":"https:\/\/www.daralhikma.it\/hammam\/index.php?rest_route=\/wp\/v2\/pages\/389\/revisions"}],"predecessor-version":[{"id":4712,"href":"https:\/\/www.daralhikma.it\/hammam\/index.php?rest_route=\/wp\/v2\/pages\/389\/revisions\/4712"}],"wp:attachment":[{"href":"https:\/\/www.daralhikma.it\/hammam\/index.php?rest_route=%2Fwp%2Fv2%2Fmedia&parent=389"}],"curies":[{"name":"wp","href":"https:\/\/api.w.org\/{rel}","templated":true}]}}