{"id":4172,"date":"2024-01-20T16:15:23","date_gmt":"2024-01-20T15:15:23","guid":{"rendered":"https:\/\/www.daralhikma.it\/hammam\/?page_id=4172"},"modified":"2024-01-20T16:42:57","modified_gmt":"2024-01-20T15:42:57","slug":"storia-e-informazioni","status":"publish","type":"page","link":"https:\/\/www.daralhikma.it\/hammam\/?page_id=4172","title":{"rendered":"STORIA E INFORMAZIONI"},"content":{"rendered":"<h2 style=\"text-align: center;\"><span style=\"color: #ff0000;\"><strong>INFORMAZIONI SULL&#8217;USO DEL HAMMAM<\/strong><\/span><\/h2>\n<p style=\"text-align: center;\">Il fruitore dell\u2019hammam dovr\u00e0 portare con se le ciabatte, il costume ed un telo shampoo e bagno schiuma, all\u2019entrata verr\u00e0 consegnata la chiave dell\u2019armadietto ed il sapone nero (pasta saponificata 100% vegetale naturale) ed eventualmente \u00e8 possibile acquistare il guanto (kessa) per la polizia della pelle in profondit\u00e0. Una volta entrati nel tepidarium, dopo una doccia calda, si accede poi alla sala del vapore (calidarium) per la traspirazione e l\u2019apertura dei pori della pelle che dura alcuni minuti. All\u2019uscita della sala del vapore si elimina il sudore con una doccia tiepida-calda (per non chiudere i pori) dopo di che si passa il sapone nero su tutto il corpo evitando di toccare gli occhi ed il naso e si ritorna nel calidarium. Quando la pelle \u00e8 pronta (minimo quindici minuti) si passa, dopo aver eliminato tutto il sapone, al peeling eseguito con il guanto. Il peeling elimina lo strato di cellule morte e si pu\u00f2 concludere, volendo, con il savonage che ammorbidisce la pelle. Per completare il beneficio del bagno si consiglia di rilassarsi nella zona relax dissetandosi con un th\u00e8 alla menta.<\/p>\n<p style=\"text-align: center;\">Per chi lo desidera \u00e8 possibile arricchire il rito del bagno con un benefico massaggio.<\/p>\n<p style=\"text-align: center;\">Pazienti asmatici, in terapia antidepressive, con problemi cardiologici o donne ai primi mesi della gravidanza, devono chiedere il parere del medico curante o dei sanitari del centro.<\/p>\n<p style=\"text-align: center;\"><strong><span style=\"color: #ff0000;\">E\u2019 obbligatorio l\u2019uso delle ciabatte, del costume e dell\u2019asciugamano.<\/span><\/strong><\/p>\n<h3 class=\"post_title entry-title\" style=\"text-align: center;\"><strong><a href=\"https:\/\/www.daralhikma.it\/hammam\/?page_id=1799\"><span style=\"color: #ff0000;\">REGOLAMENTO HAMMAM<\/span><\/a><\/strong><\/h3>\n<hr \/>\n<h2 style=\"text-align: center;\"><strong><span style=\"color: #ff0000;\">STORIA<\/span><\/strong><\/h2>\n<p style=\"text-align: center;\">Con la caduta dell\u2019impero romano caddero in rovina i grandi complessi termali. L\u2019eredit\u00e0 delle terme romane vennero raccolte dall\u2019Islam, che la diffuse nel suo progressivo avanzare fino alla Spagna, Ungheria, Turchia e Grecia entrate nell\u2019orbita ottomana. La pi\u00f9 grande concentrazione di queste strutture era presente ad Istanbul divenuta capitale dell\u2019Impero ottomano (1299-1922) e centro propulsore dell\u2019intero mondo islamico.<\/p>\n<p style=\"text-align: center;\">A differenza delle terme romane dove una parte era dedicata alle attivit\u00e0 intellettuale ed alla palestra per pratiche ginniche, pur conservando la struttura architettonica, il bagno turco o hammam (deriva dalla radice hamama, che vuol dire scaldare) \u00e8 imperniato sulla rigida separazione dei sessi e prevede la cura del corpo ed il massaggio.<\/p>\n<p style=\"text-align: center;\">Secondo il concetto arabo islamico il rituale dell\u2019hammam serve per lavarsi e purificarsi, mentre per quello occidentale \u00e8 un posto dove scaricare le tensione, eliminare le tossine e purificare la pelle. La frequenza consigliata \u00e8 di una o due volte alla settimana.<\/p>\n<p style=\"text-align: center;\">L\u2019Hammam Al Bab, \u00e8 costruito secondo lo schema tradizionale, da tre sale (frigidarium, tepidarium, calidarium) la prima \u00e8 adibita a spogliatoio e sala relax, la seconda ornata al centro da una fontana ha una temperatura di 33\u00b0 gradi ed \u00e8 adibita alle abluzioni ed al peeling e savonage, la terza \u00e8 quella pi\u00f9 calda, 46\u00b0 gradi e 100% di umidit\u00e0, qui avviene il vero e proprio bagno di vapore.<\/p>\n<hr \/>\n<p>&nbsp;<\/p>\n","protected":false},"excerpt":{"rendered":"<p>INFORMAZIONI SULL&#8217;USO DEL HAMMAM Il fruitore dell\u2019hammam dovr\u00e0 portare con se le ciabatte, il costume ed un telo shampoo e bagno schiuma, all\u2019entrata verr\u00e0 consegnata la chiave dell\u2019armadietto ed il sapone nero (pasta saponificata 100% vegetale naturale) ed eventualmente \u00e8 possibile acquistare il guanto (kessa) per la polizia della pelle in profondit\u00e0. Una volta entrati [&hellip;]<\/p>\n","protected":false},"author":1,"featured_media":0,"parent":0,"menu_order":0,"comment_status":"closed","ping_status":"closed","template":"","meta":{"_exactmetrics_skip_tracking":false,"_exactmetrics_sitenote_active":false,"_exactmetrics_sitenote_note":"","_exactmetrics_sitenote_category":0,"_monsterinsights_skip_tracking":false,"_monsterinsights_sitenote_active":false,"_monsterinsights_sitenote_note":"","_monsterinsights_sitenote_category":0,"footnotes":""},"class_list":["post-4172","page","type-page","status-publish","hentry"],"_links":{"self":[{"href":"https:\/\/www.daralhikma.it\/hammam\/index.php?rest_route=\/wp\/v2\/pages\/4172","targetHints":{"allow":["GET"]}}],"collection":[{"href":"https:\/\/www.daralhikma.it\/hammam\/index.php?rest_route=\/wp\/v2\/pages"}],"about":[{"href":"https:\/\/www.daralhikma.it\/hammam\/index.php?rest_route=\/wp\/v2\/types\/page"}],"author":[{"embeddable":true,"href":"https:\/\/www.daralhikma.it\/hammam\/index.php?rest_route=\/wp\/v2\/users\/1"}],"replies":[{"embeddable":true,"href":"https:\/\/www.daralhikma.it\/hammam\/index.php?rest_route=%2Fwp%2Fv2%2Fcomments&post=4172"}],"version-history":[{"count":5,"href":"https:\/\/www.daralhikma.it\/hammam\/index.php?rest_route=\/wp\/v2\/pages\/4172\/revisions"}],"predecessor-version":[{"id":4179,"href":"https:\/\/www.daralhikma.it\/hammam\/index.php?rest_route=\/wp\/v2\/pages\/4172\/revisions\/4179"}],"wp:attachment":[{"href":"https:\/\/www.daralhikma.it\/hammam\/index.php?rest_route=%2Fwp%2Fv2%2Fmedia&parent=4172"}],"curies":[{"name":"wp","href":"https:\/\/api.w.org\/{rel}","templated":true}]}}