{"id":163,"date":"2013-10-24T16:58:16","date_gmt":"2013-10-24T14:58:16","guid":{"rendered":"http:\/\/www.daralhikma.it\/darnew\/?page_id=163"},"modified":"2018-04-05T17:35:03","modified_gmt":"2018-04-05T15:35:03","slug":"benessere-hammam","status":"publish","type":"page","link":"https:\/\/www.daralhikma.it\/index.php\/benessere-hammam\/","title":{"rendered":"BENESSERE HAMMAM"},"content":{"rendered":"<p>BENESSERE HAMMAM<\/p>\n<p>Il SAPONE NERO: un rituale di benessere<\/p>\n<p>&nbsp;<\/p>\n<p>&#8220;<i>&#8230; e la citt\u00e0 non sar\u00e0 veramente perfetta se non il giorno in cui avr\u00e0 un Hammam<\/i><\/p>\n<p>Sherazade da &#8221; Le Mille e una notte&#8221;<\/p>\n<p>Appena attraversata la prima porta del Hammam Al Bab si ha l&#8217;impressione che il tempo si fosse fermato, rallentato sotto le cupole color giallo solare e i vetri azzurri che ricordano il cielo in Oriente, avvolto da fasce di luce che attraversano il vapore profumato lungo il percorso circondato da arcate e volte, solo silenzio e rumore di acqua&#8230;caldo e umidit\u00e0&#8230; piastrelle e mosaici colorati per trovarsi in un\u2019atmosfera magica portata dal vento da lontano per essere una delle nuove magie di Torino.<\/p>\n<p>Il primo approccio con l&#8217;hammam \u00e8 l&#8217;entrata nel calidarium o bagno turco, in compagnia del sapone nero da spalmare sul corpo.<\/p>\n<p>&nbsp;<\/p>\n<p align=\"center\"><img decoding=\"async\" loading=\"lazy\" class=\"alignnone size-full wp-image-165\" src=\"http:\/\/www.daralhikma.it\/darnew\/wp-content\/uploads\/2013\/10\/sapone-nero.jpg\" alt=\"sapone nero\" width=\"272\" height=\"225\" srcset=\"https:\/\/www.daralhikma.it\/darnew\/wp-content\/uploads\/2013\/10\/sapone-nero.jpg 272w, https:\/\/www.daralhikma.it\/darnew\/wp-content\/uploads\/2013\/10\/sapone-nero-262x216.jpg 262w\" sizes=\"(max-width: 272px) 100vw, 272px\" \/><\/p>\n<p>Originario della regione dell&#8217;Essaouria, a sud del Marocco, il sapone nero \u00e8 fatto interamente di 3 materie naturali quali&nbsp; acqua, olio di olive nere e minerali.<\/p>\n<p>Ottenuto dalla macerazione delle olive nere spremute, il sapone nero si ricava dalla saponificazione dell&#8217;olio d&#8217;oliva e dell&#8217;idrossido di potassio. Ci\u00f2 che ne risulta \u00e8 una pasta cremosa, simile ad un burro, dal colore ambrato e dal particolarissimo profumo che sa di naturale.<\/p>\n<p>Frutto di antiche tradizioni, le donne marocchine lo usavano gi\u00e0 in antichit\u00e0 per purificare, esfoliare e nutrire gli strati dell&#8217;epidermide grazie alle sue caratteristiche; \u00e8 infatti ricchissimo di acidi grassi e vitamina E, alleati per la salute della nostra pelle.<\/p>\n<p>All&#8217;uscita dal calidarium si lascia il proprio corpo alle mani di una donna che in mano il guanto Kessa (il tipico guanto da scrub marocchino). Si stende su un piano in pietra per sfregare, con vigorosi e ampi movimenti circolari, tutto il corpo. E la magia cos\u00ec avviene&#8230;le cellule morte ammorbidite e portate in superficie dall&#8217;azione del vapore e del sapone nero, vengono completamente eliminate da questi gesti per rendere la pelle liscia, morbida, luminosa e purificata!<\/p>\n<p>Negli hammam tutto questo \u00e8 come un rito: il calore del vapore, la soffice consistenza del sapone nero spalmato sulla pelle, la circolazione che si riattiva, la pelle che si rigenera, l&#8217;olio d&#8217;Argane per un massaggio finale&#8230;<\/p>\n<p>&nbsp;<\/p>\n<p align=\"center\"><img decoding=\"async\" loading=\"lazy\" class=\"alignnone size-medium wp-image-166\" src=\"http:\/\/www.daralhikma.it\/darnew\/wp-content\/uploads\/2013\/10\/ghassrassoul-300x227.jpg\" alt=\"ghassrassoul\" width=\"300\" height=\"227\" srcset=\"https:\/\/www.daralhikma.it\/darnew\/wp-content\/uploads\/2013\/10\/ghassrassoul-300x227.jpg 300w, https:\/\/www.daralhikma.it\/darnew\/wp-content\/uploads\/2013\/10\/ghassrassoul-262x198.jpg 262w, https:\/\/www.daralhikma.it\/darnew\/wp-content\/uploads\/2013\/10\/ghassrassoul.jpg 454w\" sizes=\"(max-width: 300px) 100vw, 300px\" \/><\/p>\n<p>&nbsp;<\/p>\n<p>&nbsp;<\/p>\n<p>LA RHASSOUL: il shampo naturale.<\/p>\n<p>La Gahssoul, Rassoul o Rhassoul \u00e8 un argilla (hectorite per l\u2019esattezza) saponifera ricca di minerali, estratta dal massiccio dell\u2019Atlante, in Marocco, ed esattamente nelle regioni di Ksabi.<br \/>\nLa parola Rhassoul viene dall\u2019arabo \u063a\u0633\u0648\u0644 &nbsp;e significa \u201clavarsi\u201d, infatti le saponine contenute in questa argilla (oltre alle sue propriet\u00e0 fisiche), le permettono di avere un\u2019azione detergente che \u00e8 stata sfruttata fin dall\u2019antichit\u00e0 dalle popolazioni locali, che la utilizzano come shampoo, per la pelle del corpo e anche come sapone per la biancheria.<\/p>\n<p>La Rassoul \u00e8 parte integrante della cultura dell\u2019Hammam, cos\u00ec come l\u2019utilizzo del sapone nero e del guanto di crine. Per tradizione infatti il rituale dell\u2019hammam prevede un impacco purificante e ristrutturante su tutto il corpo con quest\u2019argilla, di solito mescolata con acqua di fiori d\u2019arancio per profumarla.<br \/>\nPer un uso corretto del Rassoul dovrete evitare il contatto dell\u2019argilla con elementi metallici, in quanto si possono verificare scambi cationici tra il metallo a contatto e l\u2019argilla stessa. Usate dunque ciotole di ceramica (o vetro) e mestolini in legno.<br \/>\nCome shampo: gli shampoo e i saponi a base di tensioattivi modificano chimicamente l\u2019equilibrio della pelle o del cuoio capelluto. La Rhassoul invece, agisce principalmente attraverso un processo fisico rispettando la pellicola lipo-protettrice della pelle e dei capelli, non irritando le ghiandole sebacee. Mischiato con l\u2019acqua, le sue fini particelle si gonfiano per formare una pasta densa, che assorbe le impurit\u00e0 e i grassi, che vengono poi eliminate al momento del risciacquo. E\u2019 indicato per tutti i tipi di capelli e particolarmente consigliato per la dermatite seborroica.<br \/>\nIndicato anche come maschera per il viso, per schiarire le macchie della pelle e per eliminare impurit\u00e0 e punti neri.<br \/>\nPer questo uso si pu\u00f2 adoperare come una vera e propria base, da mescolare con altri ingredienti (miele &#8211; ricordiamo che il miele sul viso a qualcuno pu\u00f2 provocare arrossamenti, provare prima sull\u2019incavo del braccio &#8211; , polpa di frutti, yougurt, olii ) a seconda del risultato che si vuole ottenere.<br \/>\nLe maschere con l\u2019argilla vanno tenute fino a che l\u2019argilla non si comincia a seccare sul viso, a quel punto si sciacqua con acqua tiepida.<br \/>\nNe consiglio l\u2019uso anche come impacco lavante per il corpo, perch\u00e8 lascia la pelle liscissima!<br \/>\nMescolate in una ciotolina un po\u2019 di ghassoul con acqua ai fiori d\u2019arancio come fanno nell\u2019hammam, oppure con acqua e qualche goccia di o.e di lavanda per un bagno rilassante, oppure di ylang ylang per un profumo dalle atmosfere orientali e sensuali .<br \/>\nSpalmate dunque la pappetta fatta sul corpo e lasciate agire un pochino prima di risciacquare.<br \/>\nLa ricetta di una maschera da usare per viso e corpo:<br \/>\n50 ml di ghassoul<br \/>\n10 ml di miele*<br \/>\n10 ml di succo di limone<br \/>\nqualche goccia di latte<br \/>\nqualche goccia di olio di mandorle dolci<\/p>\n<p>Mescolare gli ingredienti fino ad ottenere una pasta omogenea, spalmare e lasciare agire circa 15 minuti, dopo di che sciacquare.<\/p>\n<p><strong>OLIO D\u2019ARGANE: l\u2019elisir dell\u2019eterna giovinezza<\/strong><b>&nbsp;&nbsp;<\/b><\/p>\n<p><img decoding=\"async\" loading=\"lazy\" class=\"alignnone size-full wp-image-167 aligncenter\" src=\"http:\/\/www.daralhikma.it\/darnew\/wp-content\/uploads\/2013\/10\/olio-di-argan.jpg\" alt=\"olio-di-argan\" width=\"256\" height=\"208\"><br \/>\nL\u2019olio di Argane, detto anche oro del deserto, \u00e8 un olio naturale estratto dal frutto dell\u2019albero di Argan o&nbsp;<em>Argania spinosa<\/em>. La raccolta della materia prima avviene nella zona a sud-ovest del Marocco, nel triangolo formato da Essaouira, Taroudant e Tiznit, ai confini del Sahara occidentale, in particolare nella pianura del Souss.<\/p>\n<p>&nbsp;<\/p>\n<p><strong>Le propriet\u00e0 salva pelle dell\u2019oro del deserto<\/strong><b>&nbsp;<\/b><\/p>\n<p><b><br \/>\n<\/b>L\u2019olio d\u2019Argane, come la ricerca scientifica ha pi\u00f9 volte confermato, \u00e8 un valido aiuto nella cura della pelle: aiuta a ricostituire il film idrolipidico cutaneo&nbsp; esplicando le sue propriet\u00e0 idratanti, nutrienti, protettive, rigeneranti, elasticizzanti e cicatrizzanti. \u00c8 efficace contro l\u2019invecchiamento, promuove la produzione di collagene (una proteina che sostiene tutti i tessuti, anche la pelle) e quindi aiuta a prevenire la formazione delle rughe.<\/p>\n<p>&nbsp;<\/p>\n<p>&nbsp;<\/p>\n<p><strong>Le sostanze attive che fanno dell\u2019olio di Argane&nbsp;un rimedio eccezionale<\/strong><b>&nbsp;<\/b><\/p>\n<p><b><br \/>\n<\/b>L\u2019olio di Argane&nbsp;contiene tocoferoli (vitamina E) in quantit\u00e0 tre volte maggiori dell\u2019olio d\u2019oliva. Queste sostanze svolgono un ruolo essenziale nella conservazione dell\u2019olio e nella prevenzione delle rughe, poich\u00e9 possiedono un\u2019attivit\u00e0 di protezione contro l\u2019attacco di radicali liberi.<\/p>\n<p>Nell\u2019olio di Argane \u00e8 presente anche lo squalene e in dosi elevate (3100 mg\/kg). Questo idrocarburo \u00e8 un precursore di molti metaboliti fra cui l\u2019ormone anti-et\u00e0: la DHEA, \u00e8 una sostanza fortemente idratante che normalizza la desquamazione della cute e protegge i capillari.<\/p>\n<p>Ecco perch\u00e9 l\u2019olio di Argane \u00e8 utile per il trattamento della psoriasi e delle couperose. E sempre grazie alla presenza di squalene, \u00e8 adatto anche come protezione dai raggi UV e da altre fonti di danno ossidativo. Sono anche presenti vitamina A antiossidante; acidi grassi essenziali Omega 3 e Omega 6 rigeneranti e antinfiammatori; polifenoli anti-et\u00e0. Ricordiamo che nonostante sia molto idratante, l\u2019olio di Argane non \u00e8 grasso e non unge.<\/p>\n<p>&nbsp;<\/p>\n<p><strong>Come usare l\u2019olio di Argane per la salute e la bellezza&nbsp;di viso, labbra, capelli, corpo e unghie<\/strong><b>&nbsp;<\/b><\/p>\n<p><b><br \/>\n<\/b><strong>Viso:<\/strong>&nbsp;applica 1 goccia al mattino e una alla sera per combattere efficacemente la formazione di rughe e ostacolare i processi di invecchiamento cellulare. \u00c8 utile anche in caso di acne lieve, poich\u00e9 regola la produzione di sebo e previene la formazione di cicatrici. Ed \u00e8 utile anche per gli uomini: poche gocce di olio di Argane prima e dopo la rasatura lasciano la pelle idratata ed evitano le irritazioni.<\/p>\n<p><strong>Labbra:<\/strong>&nbsp;\u00e8 utile per preparare uno scrub che le rigenera, basta mescolare 1 cucchiaino di olio di Argan e uno di zucchero, e passare poi la miscela sulle labbra 1 volta a settimana. \u00c8 eccezionale!<\/p>\n<p><strong>Capelli:<\/strong>&nbsp;adatto per i capelli fragili, secchi, sfibrati e privi di lucentezza, combatte inoltre le doppie punte, basta scaldare qualche goccia d\u2019olio tra le mani e strofinarlo delicatamente sui capelli ciocca per ciocca. Si deve lasciare in posa per un\u2019ora e poi procedere con il solito lavaggio.<\/p>\n<p><strong>Corpo:<\/strong>&nbsp;da usare per uno scrub da preparare con 3 cucchiai di olio di Argan e 3 cucchiai di sale marino integrale. Ci si mette poi nella vasca o nella doccia e si passa, prendendone poco per volta, il mix sulla pelle, insistendo di pi\u00f9 su gomiti, ginocchia e piedi. Qundi si procede con il bagno o la doccia.<\/p>\n<p><strong>Unghie:<\/strong>&nbsp;ideale per rinforzarle, lo si applica tutte le sere con un massaggio in senso circolare. Per un trattamento settimanale, immergere per 10 minuti le punte delle dita in un mix di olio di Argane e succo di limone in pari quantit\u00e0, poi massaggiare.<\/p>\n<p>&nbsp;<\/p>\n<p><strong>E non \u00e8 finita qui<\/strong><\/p>\n<p><b><br \/>\n<\/b>L\u2019olio di Argane pu\u00f2 essere applicato sulla pelle anche in caso di&nbsp;<strong>psoriasi<\/strong>&nbsp;(attenua il prurito e riduce la desquamazione della cute),&nbsp;<strong>smagliature<\/strong>&nbsp;prodotte dalla gravidanza, dopo la doccia per&nbsp;<strong>ammorbidire e reidratare la pelle<\/strong>, nell\u2019acqua della vasca (10 gocce) per<b> <strong>eliminare le impurit\u00e0 dalla cute<\/strong><\/b>, per ridare elasticit\u00e0 alla pelle del seno, per<b>&nbsp;<\/b><strong>massaggi rilassanti e decontratturanti della muscolatura<\/strong>.<\/p>\n","protected":false},"excerpt":{"rendered":"<p>BENESSERE HAMMAM Il SAPONE NERO: un rituale di benessere &nbsp; &#8220;&#8230; e la citt\u00e0 non sar\u00e0 veramente perfetta se non il giorno in cui avr\u00e0 un Hammam Sherazade da &#8221; [&hellip;]<\/p>\n","protected":false},"author":14,"featured_media":0,"parent":0,"menu_order":0,"comment_status":"open","ping_status":"closed","template":"","meta":{"_exactmetrics_skip_tracking":false,"_exactmetrics_sitenote_active":false,"_exactmetrics_sitenote_note":"","_exactmetrics_sitenote_category":0,"_monsterinsights_skip_tracking":false,"_monsterinsights_sitenote_active":false,"_monsterinsights_sitenote_note":"","_monsterinsights_sitenote_category":0,"ngg_post_thumbnail":0,"_price":"","_stock":"","_tribe_ticket_header":"","_tribe_default_ticket_provider":"","_tribe_ticket_capacity":"0","_ticket_start_date":"","_ticket_end_date":"","_tribe_ticket_show_description":"","_tribe_ticket_show_not_going":false,"_tribe_ticket_use_global_stock":"","_tribe_ticket_global_stock_level":"","_global_stock_mode":"","_global_stock_cap":"","_tribe_rsvp_for_event":"","_tribe_ticket_going_count":"","_tribe_ticket_not_going_count":"","_tribe_tickets_list":"[]","_tribe_ticket_has_attendee_info_fields":false,"footnotes":""},"aioseo_notices":[],"ticketed":false,"_links":{"self":[{"href":"https:\/\/www.daralhikma.it\/index.php\/wp-json\/wp\/v2\/pages\/163"}],"collection":[{"href":"https:\/\/www.daralhikma.it\/index.php\/wp-json\/wp\/v2\/pages"}],"about":[{"href":"https:\/\/www.daralhikma.it\/index.php\/wp-json\/wp\/v2\/types\/page"}],"author":[{"embeddable":true,"href":"https:\/\/www.daralhikma.it\/index.php\/wp-json\/wp\/v2\/users\/14"}],"replies":[{"embeddable":true,"href":"https:\/\/www.daralhikma.it\/index.php\/wp-json\/wp\/v2\/comments?post=163"}],"version-history":[{"count":5,"href":"https:\/\/www.daralhikma.it\/index.php\/wp-json\/wp\/v2\/pages\/163\/revisions"}],"predecessor-version":[{"id":1431,"href":"https:\/\/www.daralhikma.it\/index.php\/wp-json\/wp\/v2\/pages\/163\/revisions\/1431"}],"wp:attachment":[{"href":"https:\/\/www.daralhikma.it\/index.php\/wp-json\/wp\/v2\/media?parent=163"}],"curies":[{"name":"wp","href":"https:\/\/api.w.org\/{rel}","templated":true}]}}