{"id":66,"date":"2013-10-21T12:05:05","date_gmt":"2013-10-21T12:05:05","guid":{"rendered":"http:\/\/www.daralhikma.it\/darnew\/?page_id=66"},"modified":"2024-03-14T13:55:13","modified_gmt":"2024-03-14T12:55:13","slug":"salone-as-salam-della-pace","status":"publish","type":"page","link":"https:\/\/www.daralhikma.it\/index.php\/salone-as-salam-della-pace\/","title":{"rendered":"SALONE AS-SALAM"},"content":{"rendered":"<h1>SALONE AS-SALAM<\/h1>\n\n<p align=\"justify\">&nbsp;<\/p>\n<p align=\"justify\"><span style=\"font-family: 'Times New Roman', serif;\"><span style=\"font-size: medium;\"><span style=\"font-size: large;\">Al piano superiore (primo piano), attraversata la piccola caffetteria realizzata sul modello dei caff\u00e8 orientali, dove non saranno servite bevande alcoliche, sono collocati tutti i locali del Centro Culturale Italo-Arabo.<\/span><\/span><\/span><\/p>\n<p align=\"justify\"><span style=\"font-family: 'Times New Roman', serif;\"><span style=\"font-size: medium;\"><span style=\"font-size: large;\">Oltre alla biblioteca, all\u2019emeroteca e alla sala di lettura si trova un\u2019aula per lezioni e piccoli incontri specialistici, nominata Aula Ibn Rushd. <\/span><\/span><\/span><\/p>\n<p align=\"justify\"><span style=\"font-family: 'Times New Roman', serif;\"><span style=\"font-size: medium;\"><span style=\"font-size: large;\">Un salone polivalente occupa il resto del piano. Si tratta di uno spazio in grado di ospitare circa cento persone per assistere alle attivit\u00e0 organizzate dall\u2019associazione dar al hikma o da altre realt\u00e0 ospitate. E\u2019 adatto ed attrezzato per organizzare mostre, eventi culturali, concerti, spettacoli e proiezioni di film e altro. <\/span><\/span><\/span><\/p>\n<p align=\"justify\"><span style=\"font-family: 'Times New Roman', serif;\"><span style=\"font-size: medium;\"><span style=\"font-size: large;\">Per la decorazione sono anche utilizzate capacit\u00e0 artigianali tradizionali esistenti nella comunit\u00e0 maghrebina torinese. <\/span><\/span><\/span><\/p>\n<p align=\"justify\"><span style=\"font-family: 'Times New Roman', serif;\"><span style=\"font-size: medium;\"><span style=\"font-size: large;\">L\u2019ubicazione del centro risulta molto opportunamente scelta, in quanto \u00e8 in prossimit\u00e0 di Piazza della Repubblica, uno dei punti della citt\u00e0 di maggiore confluenza di presenze di cittadini nazionali ed extracomunitari e vicino al nuovo autosilos di parcheggio, costruito sul corso XI febbraio, per 850 posti macchina. Ci\u00f2 render\u00e0 particolarmente agevole l\u2019accesso anche per utenti provenienti da lontano, con autovettura privata.<\/span><\/span><\/span><\/p>\n","protected":false},"excerpt":{"rendered":"<p>SALONE AS-SALAM &nbsp; Al piano superiore (primo piano), attraversata la piccola caffetteria realizzata sul modello dei caff\u00e8 orientali, dove non saranno servite bevande alcoliche, sono collocati tutti i locali del [&hellip;]<\/p>\n","protected":false},"author":16,"featured_media":0,"parent":0,"menu_order":0,"comment_status":"open","ping_status":"closed","template":"","meta":{"_exactmetrics_skip_tracking":false,"_exactmetrics_sitenote_active":false,"_exactmetrics_sitenote_note":"","_exactmetrics_sitenote_category":0,"_monsterinsights_skip_tracking":false,"_monsterinsights_sitenote_active":false,"_monsterinsights_sitenote_note":"","_monsterinsights_sitenote_category":0,"ngg_post_thumbnail":0,"_price":"","_stock":"","_tribe_ticket_header":"","_tribe_default_ticket_provider":"","_tribe_ticket_capacity":"0","_ticket_start_date":"","_ticket_end_date":"","_tribe_ticket_show_description":"","_tribe_ticket_show_not_going":false,"_tribe_ticket_use_global_stock":"","_tribe_ticket_global_stock_level":"","_global_stock_mode":"","_global_stock_cap":"","_tribe_rsvp_for_event":"","_tribe_ticket_going_count":"","_tribe_ticket_not_going_count":"","_tribe_tickets_list":"[]","_tribe_ticket_has_attendee_info_fields":false,"footnotes":""},"aioseo_notices":[],"ticketed":false,"_links":{"self":[{"href":"https:\/\/www.daralhikma.it\/index.php\/wp-json\/wp\/v2\/pages\/66"}],"collection":[{"href":"https:\/\/www.daralhikma.it\/index.php\/wp-json\/wp\/v2\/pages"}],"about":[{"href":"https:\/\/www.daralhikma.it\/index.php\/wp-json\/wp\/v2\/types\/page"}],"author":[{"embeddable":true,"href":"https:\/\/www.daralhikma.it\/index.php\/wp-json\/wp\/v2\/users\/16"}],"replies":[{"embeddable":true,"href":"https:\/\/www.daralhikma.it\/index.php\/wp-json\/wp\/v2\/comments?post=66"}],"version-history":[{"count":11,"href":"https:\/\/www.daralhikma.it\/index.php\/wp-json\/wp\/v2\/pages\/66\/revisions"}],"predecessor-version":[{"id":1808,"href":"https:\/\/www.daralhikma.it\/index.php\/wp-json\/wp\/v2\/pages\/66\/revisions\/1808"}],"wp:attachment":[{"href":"https:\/\/www.daralhikma.it\/index.php\/wp-json\/wp\/v2\/media?parent=66"}],"curies":[{"name":"wp","href":"https:\/\/api.w.org\/{rel}","templated":true}]}}